{"id":651,"date":"2021-01-05T21:51:49","date_gmt":"2021-01-05T21:51:49","guid":{"rendered":"https:\/\/jeronimorivero.com\/?page_id=651"},"modified":"2023-10-15T15:33:47","modified_gmt":"2023-10-15T15:33:47","slug":"jeronimo-rivero","status":"publish","type":"page","link":"https:\/\/jeronimorivero.com\/en\/jeronimo-rivero\/","title":{"rendered":"Bio"},"content":{"rendered":"<div data-elementor-type=\"wp-page\" data-elementor-id=\"651\" class=\"elementor elementor-651\" data-elementor-settings=\"[]\">\n\t\t\t\t\t\t<div class=\"elementor-inner\">\n\t\t\t\t\t\t\t<div class=\"elementor-section-wrap\">\n\t\t\t\t\t\t\t<section class=\"elementor-section elementor-top-section elementor-element elementor-element-40834c0 elementor-section-boxed elementor-section-height-default elementor-section-height-default\" data-id=\"40834c0\" data-element_type=\"section\">\n\t\t\t\t\t\t<div class=\"elementor-container elementor-column-gap-extended\">\n\t\t\t\t\t\t\t<div class=\"elementor-row\">\n\t\t\t\t\t<div class=\"elementor-column elementor-col-50 elementor-top-column elementor-element elementor-element-2c35b95\" data-id=\"2c35b95\" data-element_type=\"column\">\n\t\t\t<div class=\"elementor-column-wrap elementor-element-populated\">\n\t\t\t\t\t\t\t<div class=\"elementor-widget-wrap\">\n\t\t\t\t\t\t<div class=\"elementor-element elementor-element-5497060 elementor-widget elementor-widget-image\" data-id=\"5497060\" data-element_type=\"widget\" data-widget_type=\"image.default\">\n\t\t\t\t<div class=\"elementor-widget-container\">\n\t\t\t\t\t\t\t\t<div class=\"elementor-image\">\n\t\t\t\t\t\t\t\t\t\t\t\t<img decoding=async  width=\"300\" height=\"300\" src=\"https:\/\/mlepn5ksid5z.i.optimole.com\/fNCFvHo-HfQ7yPbE\/w:300\/h:300\/q:85\/https:\/\/jeronimorivero.com\/wp-content\/uploads\/2021\/01\/fotodeperfil.jpg\" class=\"attachment-medium size-medium\" alt=\"\" \/>\t\t\t\t\t\t\t\t\t\t\t\t\t\t<\/div>\n\t\t\t\t\t\t<\/div>\n\t\t\t\t<\/div>\n\t\t\t\t\t\t<\/div>\n\t\t\t\t\t<\/div>\n\t\t<\/div>\n\t\t\t\t<div class=\"elementor-column elementor-col-50 elementor-top-column elementor-element elementor-element-1b7e006\" data-id=\"1b7e006\" data-element_type=\"column\">\n\t\t\t<div class=\"elementor-column-wrap elementor-element-populated\">\n\t\t\t\t\t\t\t<div class=\"elementor-widget-wrap\">\n\t\t\t\t\t\t<div class=\"elementor-element elementor-element-04f07cd elementor-widget elementor-widget-text-editor\" data-id=\"04f07cd\" data-element_type=\"widget\" data-widget_type=\"text-editor.default\">\n\t\t\t\t<div class=\"elementor-widget-container\">\n\t\t\t\t\t\t\t\t<div class=\"elementor-text-editor elementor-clearfix\">\n\t\t\t\t\t<div><strong><span lang=\"ES\">Jer\u00f3nimo Rivero <\/span><\/strong><span lang=\"ES\">(La Plata, Bs As. 1975) es Fot\u00f3grafo, Periodista y Profesor de Comunicaci\u00f3n Social de la UNLP Universidad Nacional de La Plata, Argentina. <\/span>Curso\u0301 estudios de posgrado en la Universidad Nacional de Quilmes (UNQ), en el Instituto de Altos Estudios Sociales (IDAES) de la Universidad Nacional de San Marti\u0301n (UNSAM) y en la Universidad Nacional de Tres de Febrero (UNTREF). Su trabajo se centra en la cultura e idiosincrasia latinoamericana y en temas de Derechos Humanos y Ambientales. <br \/>Vivi\u00f3 y trabaj\u00f3 en Espa\u00f1a, Bolivia y Colombia. Public\u00f3 su trabajo en los libros: \u201cA TRAVIESA. Fotograf\u00edas y cr\u00f3nicas del paisaje cultural cafetero<i>\u201d <\/i>(2012) con el Ministerio de Cultura de Colombia y la Fundaci\u00f3n Gabriel Garc\u00eda M\u00e1rquez para el Nuevo Periodismo Iberoamericano (FNPI); \u201cCOVACHA<i>\u201d<\/i> (2020) un relato visual y colectivo sobre la educaci\u00f3n de mujeres en contexto de encierro, con la Editorial del Ministerio de Justicia y DDHH (Bs. As.) y \u201cAVE. Arqueolog\u00edas vivas del exilio\u201d (2022) un trabajo realizado para la Comisi\u00f3n de la Verdad de Colombia. Obtuvo la BECA CREACI\u00d3N del Fondo Nacional de las Artes de Argentina (FNA) en los a\u00f1os 2021 y 2022 por su proyecto editorial sobre el litoral rural y popular argentino \u201cChe Ret\u00e1\u201d y la BECA PAR (en 2023) de la Secretar\u00eda de Arte y Cultura de la Universidad Nacional de La Plata por su proyecto \u201cO FUTURO\u201d sobre conflictos ambientales en la triple frontera Argentina-Brasil-Paraguay.<br \/>Realiz\u00f3 talleres con Stephen Ferry, Nicol\u00e1s Janowski y Ata\u00falfo P\u00e9rez Aznar, entre otrxs. Expuso su trabajo en salas de M\u00e9xico, Colombia, Per\u00fa, Bolivia, Ecuador, Argentina y Espa\u00f1a. Ha trabajado en relaci\u00f3n con las siguientes universidades: Universidad de Caldas (Colombia), Universidad Nacional de La Plata (UNLP), Universidad Nacional del Nordeste (UNNE), Universidad e Concepci\u00f3n el Uruguay (UCU) y Universidad Nacional del Chaco Austral (UNCAUS) en Argentina.<\/div>\t\t\t\t\t<\/div>\n\t\t\t\t\t\t<\/div>\n\t\t\t\t<\/div>\n\t\t\t\t<div class=\"elementor-element elementor-element-0637863 elementor-align-left elementor-widget elementor-widget-button\" data-id=\"0637863\" data-element_type=\"widget\" data-widget_type=\"button.default\">\n\t\t\t\t<div class=\"elementor-widget-container\">\n\t\t\t\t\t<div class=\"elementor-button-wrapper\">\n\t\t\t<a href=\"http:\/\/jeronimorivero.com\/en\/material\/RIVERO-JERONIMO-CV2021.pdf\/\" target=\"_blank\" class=\"elementor-button-link elementor-button elementor-size-sm\" role=\"button\">\n\t\t\t\t\t\t<span class=\"elementor-button-content-wrapper\">\n\t\t\t\t\t\t<span class=\"elementor-button-icon elementor-align-icon-left\">\n\t\t\t\t<i aria-hidden=\"true\" class=\"far fa-arrow-alt-circle-down\"><\/i>\t\t\t<\/span>\n\t\t\t\t\t\t<span class=\"elementor-button-text\">Descargar CV <\/span>\n\t\t<\/span>\n\t\t\t\t\t<\/a>\n\t\t<\/div>\n\t\t\t\t<\/div>\n\t\t\t\t<\/div>\n\t\t\t\t<div class=\"elementor-element elementor-element-bc7936d elementor-align-left elementor-widget elementor-widget-button\" data-id=\"bc7936d\" data-element_type=\"widget\" data-widget_type=\"button.default\">\n\t\t\t\t<div class=\"elementor-widget-container\">\n\t\t\t\t\t<div class=\"elementor-button-wrapper\">\n\t\t\t<a href=\"http:\/\/jeronimorivero.com\/en\/material\/RIVERO-JERONIMO-CV2021-en.pdf\/\" target=\"_blank\" class=\"elementor-button-link elementor-button elementor-size-sm\" role=\"button\">\n\t\t\t\t\t\t<span class=\"elementor-button-content-wrapper\">\n\t\t\t\t\t\t<span class=\"elementor-button-icon elementor-align-icon-left\">\n\t\t\t\t<i aria-hidden=\"true\" class=\"far fa-arrow-alt-circle-down\"><\/i>\t\t\t<\/span>\n\t\t\t\t\t\t<span class=\"elementor-button-text\">Download CV <\/span>\n\t\t<\/span>\n\t\t\t\t\t<\/a>\n\t\t<\/div>\n\t\t\t\t<\/div>\n\t\t\t\t<\/div>\n\t\t\t\t\t\t<\/div>\n\t\t\t\t\t<\/div>\n\t\t<\/div>\n\t\t\t\t\t\t\t\t<\/div>\n\t\t\t\t\t<\/div>\n\t\t<\/section>\n\t\t\t\t<section class=\"elementor-section elementor-top-section elementor-element elementor-element-8d20f31 elementor-section-boxed elementor-section-height-default elementor-section-height-default\" data-id=\"8d20f31\" data-element_type=\"section\">\n\t\t\t\t\t\t<div class=\"elementor-container elementor-column-gap-default\">\n\t\t\t\t\t\t\t<div class=\"elementor-row\">\n\t\t\t\t\t<div class=\"elementor-column elementor-col-100 elementor-top-column elementor-element elementor-element-b11bb94\" data-id=\"b11bb94\" data-element_type=\"column\">\n\t\t\t<div class=\"elementor-column-wrap\">\n\t\t\t\t\t\t\t<div class=\"elementor-widget-wrap\">\n\t\t\t\t\t\t\t\t<\/div>\n\t\t\t\t\t<\/div>\n\t\t<\/div>\n\t\t\t\t\t\t\t\t<\/div>\n\t\t\t\t\t<\/div>\n\t\t<\/section>\n\t\t\t\t\t\t<\/div>\n\t\t\t\t\t\t<\/div>\n\t\t\t\t\t<\/div>","protected":false},"excerpt":{"rendered":"<p>Jer\u00f3nimo Rivero (La Plata, Bs As. 1975) es Fot\u00f3grafo, Periodista y Profesor de Comunicaci\u00f3n Social de la UNLP Universidad Nacional de La Plata, Argentina. Curso\u0301 estudios de posgrado en la Universidad Nacional de Quilmes (UNQ), en el Instituto de Altos Estudios Sociales (IDAES) de la Universidad Nacional de San Marti\u0301n (UNSAM) y en la Universidad&hellip;&nbsp;<a href=\"https:\/\/jeronimorivero.com\/en\/jeronimo-rivero\/\" class=\"\" rel=\"bookmark\">Read More &raquo;<span class=\"screen-reader-text\">Bio<\/span><\/a><\/p>","protected":false},"author":2,"featured_media":476,"parent":0,"menu_order":0,"comment_status":"closed","ping_status":"closed","template":"page-templates\/template-pagebuilder-full-width.php","meta":{"neve_meta_sidebar":"full-width","neve_meta_container":"","neve_meta_enable_content_width":"on","neve_meta_content_width":100,"neve_meta_title_alignment":"","neve_meta_author_avatar":"","neve_post_elements_order":"","neve_meta_disable_header":"","neve_meta_disable_footer":"","neve_meta_disable_title":""},"_links":{"self":[{"href":"https:\/\/jeronimorivero.com\/en\/wp-json\/wp\/v2\/pages\/651"}],"collection":[{"href":"https:\/\/jeronimorivero.com\/en\/wp-json\/wp\/v2\/pages"}],"about":[{"href":"https:\/\/jeronimorivero.com\/en\/wp-json\/wp\/v2\/types\/page"}],"author":[{"embeddable":true,"href":"https:\/\/jeronimorivero.com\/en\/wp-json\/wp\/v2\/users\/2"}],"replies":[{"embeddable":true,"href":"https:\/\/jeronimorivero.com\/en\/wp-json\/wp\/v2\/comments?post=651"}],"version-history":[{"count":65,"href":"https:\/\/jeronimorivero.com\/en\/wp-json\/wp\/v2\/pages\/651\/revisions"}],"predecessor-version":[{"id":2146,"href":"https:\/\/jeronimorivero.com\/en\/wp-json\/wp\/v2\/pages\/651\/revisions\/2146"}],"wp:featuredmedia":[{"embeddable":true,"href":"https:\/\/jeronimorivero.com\/en\/wp-json\/wp\/v2\/media\/476"}],"wp:attachment":[{"href":"https:\/\/jeronimorivero.com\/en\/wp-json\/wp\/v2\/media?parent=651"}],"curies":[{"name":"wp","href":"https:\/\/api.w.org\/{rel}","templated":true}]}}